{"id":465,"date":"2023-06-13T11:33:32","date_gmt":"2023-06-13T09:33:32","guid":{"rendered":"https:\/\/www.antikuhrmeister.de\/?page_id=465"},"modified":"2023-06-29T11:41:44","modified_gmt":"2023-06-29T09:41:44","slug":"oeffnungszeiten","status":"publish","type":"page","link":"https:\/\/www.antikuhrmeister.de\/?page_id=465","title":{"rendered":"\u00d6ffnungszeiten"},"content":{"rendered":"<p>Wir sind montags bis samstags nach vorheriger Vereinbarung f\u00fcr sie da. Sie k\u00f6nnen telefonisch 0211 53815398, per Mail post@antikuhrmeister.de , mit einem Anruf oder auch einer Nachricht an unsere Handynummer 0151\/28019687 einen Termin in unserer Werksatt vereinbaren, um entweder eine Reparatur zu bringen, oder auch wieder abzuholen.&nbsp;<\/p>\n<p>Wir m\u00f6chten uns somit m\u00f6glichst nach ihnen richten, zu welcher Zeit es ihnen am besten passt, zu uns zu kommen.<\/p>\n<p>Wir freuen uns auf ihren Besuch, nach vorheriger Vereinbarung ;-)<\/p>\n","protected":false},"excerpt":{"rendered":"<p>Wir sind montags bis samstags nach vorheriger Vereinbarung f\u00fcr sie da. Sie k\u00f6nnen telefonisch 0211 53815398, per Mail post@antikuhrmeister.de , mit einem Anruf oder auch einer Nachricht an unsere Handynummer 0151\/28019687 einen Termin in unserer Werksatt vereinbaren, um entweder eine Reparatur zu bringen, oder auch wieder abzuholen.&nbsp; Wir m\u00f6chten uns somit m\u00f6glichst nach ihnen richten, [&hellip;]<\/p>\n","protected":false},"author":2,"featured_media":0,"parent":0,"menu_order":0,"comment_status":"closed","ping_status":"closed","template":"","meta":{"ngg_post_thumbnail":0},"_links":{"self":[{"href":"https:\/\/www.antikuhrmeister.de\/index.php?rest_route=\/wp\/v2\/pages\/465"}],"collection":[{"href":"https:\/\/www.antikuhrmeister.de\/index.php?rest_route=\/wp\/v2\/pages"}],"about":[{"href":"https:\/\/www.antikuhrmeister.de\/index.php?rest_route=\/wp\/v2\/types\/page"}],"author":[{"embeddable":true,"href":"https:\/\/www.antikuhrmeister.de\/index.php?rest_route=\/wp\/v2\/users\/2"}],"replies":[{"embeddable":true,"href":"https:\/\/www.antikuhrmeister.de\/index.php?rest_route=%2Fwp%2Fv2%2Fcomments&post=465"}],"version-history":[{"count":3,"href":"https:\/\/www.antikuhrmeister.de\/index.php?rest_route=\/wp\/v2\/pages\/465\/revisions"}],"predecessor-version":[{"id":475,"href":"https:\/\/www.antikuhrmeister.de\/index.php?rest_route=\/wp\/v2\/pages\/465\/revisions\/475"}],"wp:attachment":[{"href":"https:\/\/www.antikuhrmeister.de\/index.php?rest_route=%2Fwp%2Fv2%2Fmedia&parent=465"}],"curies":[{"name":"wp","href":"https:\/\/api.w.org\/{rel}","templated":true}]}}