{"id":39,"date":"2015-02-05T10:57:36","date_gmt":"2015-02-05T09:57:36","guid":{"rendered":"http:\/\/www.antikuhrmeister.de\/wordpress\/?page_id=39"},"modified":"2023-01-12T18:49:38","modified_gmt":"2023-01-12T17:49:38","slug":"uhrenmuseum","status":"publish","type":"page","link":"https:\/\/www.antikuhrmeister.de\/?page_id=39","title":{"rendered":"Uhrenmuseum"},"content":{"rendered":"<h1>Das Museum der<br \/>\nfranz\u00f6sischen Pendeluhr<\/h1>\n<p>Seit der Er\u00f6ffnung im Jahre 2001 bietet unser Comtoise Uhren Museum einen der gr\u00f6\u00dften und repr\u00e4sentativsten Querschnitte dieser faszinierenden Uhren, die \u00fcber 200 Jahre in der Franche Comt\u00e9 im franz\u00f6sischen Jura gebaut wurden.<\/p>\n<p>Unsere Sammlung wurde von Bernd Deckert in mehr als 35 Jahren zusammengetragen. \u00dcber dreihundert Comtoise Uhren sind im 200 m\u00b2 gro\u00dfen Museum ausgestellt.<\/p>\n<p>Das Museum ist zu unseren Gesch\u00e4ftszeiten kostenfrei zug\u00e4nglich.<br \/>\nBesuch bitte nur nach Absprache!<\/p>\n<p><strong>Die spannende Geschichte der Comtoiseuhr<\/strong><br \/>\nF\u00fchrungen unter der Leitung von Bernd Deckert sind gegen Entgelt jederzeit nach Terminvereinbarung m\u00f6glich. Gr\u00f6\u00dferen Gruppen k\u00f6nnen wir auch Speisen und Getr\u00e4nke anbieten. Bitte teilen Sie uns ihre W\u00fcnsche vorab mit.<\/p>\n<p>Sie suchen ein einzigartiges und ganz besonderes Ambiente f\u00fcr Ihre n\u00e4chste Veranstaltung? Dann mieten Sie die R\u00e4umlichkeiten unseres Museums. Ob Weihnachtsfeier, Firmenveranstaltung, Geburtstag oder Hochzeit, wir helfen Ihnen Ihr Event zu einem unvergesslichen Erlebnis werden zu lassen. Wir machen Ihnen gerne unverbindlich ein Angebot das Ihren W\u00fcnschen entspricht.<\/p>\n<p><strong><a href=\"https:\/\/www.antikuhrmeister.de\/wp-content\/uploads\/2023\/01\/CB28E6F5-F51B-486E-95DF-BB9744A6CFC6-1024x768-1.jpeg\"><img decoding=\"async\" loading=\"lazy\" class=\"alignleft wp-image-413 size-medium\" src=\"https:\/\/www.antikuhrmeister.de\/wp-content\/uploads\/2023\/01\/CB28E6F5-F51B-486E-95DF-BB9744A6CFC6-1024x768-1-300x225.jpeg\" alt=\"\" width=\"300\" height=\"225\" srcset=\"https:\/\/www.antikuhrmeister.de\/wp-content\/uploads\/2023\/01\/CB28E6F5-F51B-486E-95DF-BB9744A6CFC6-1024x768-1-300x225.jpeg 300w, https:\/\/www.antikuhrmeister.de\/wp-content\/uploads\/2023\/01\/CB28E6F5-F51B-486E-95DF-BB9744A6CFC6-1024x768-1-768x576.jpeg 768w, https:\/\/www.antikuhrmeister.de\/wp-content\/uploads\/2023\/01\/CB28E6F5-F51B-486E-95DF-BB9744A6CFC6-1024x768-1-900x675.jpeg 900w, https:\/\/www.antikuhrmeister.de\/wp-content\/uploads\/2023\/01\/CB28E6F5-F51B-486E-95DF-BB9744A6CFC6-1024x768-1.jpeg 1024w\" sizes=\"(max-width: 300px) 100vw, 300px\" \/><\/a>Unsere Kochwerkstatt<\/strong> steht ihnen ebenfalls <strong>f\u00fcr ihre Veranstaltung<\/strong> zur Verf\u00fcgung! Warum nicht vorab gemeinschaftlich kochen und danach das Men\u00fc im Museum genie\u00dfen! <a href=\"http:\/\/www.kochwerkstatt-duesseldorf.de\" target=\"_blank\" rel=\"noopener\">www.kochwerkstatt-duesseldorf.de<\/a><\/p>\n<p>Weitere Informationen auch unter:<br \/>\n<a href=\"http:\/\/www.comtoise.de\" target=\"_blank\" rel=\"noopener\">www.comtoise.de<\/a><\/p>\n","protected":false},"excerpt":{"rendered":"<p>Das Museum der franz\u00f6sischen Pendeluhr Seit der Er\u00f6ffnung im Jahre 2001 bietet unser Comtoise Uhren Museum einen der gr\u00f6\u00dften und repr\u00e4sentativsten Querschnitte dieser faszinierenden Uhren, die \u00fcber 200 Jahre in der Franche Comt\u00e9 im franz\u00f6sischen Jura gebaut wurden. Unsere Sammlung wurde von Bernd Deckert in mehr als 35 Jahren zusammengetragen. \u00dcber dreihundert Comtoise Uhren sind [&hellip;]<\/p>\n","protected":false},"author":1,"featured_media":103,"parent":0,"menu_order":0,"comment_status":"closed","ping_status":"closed","template":"","meta":{"ngg_post_thumbnail":0},"_links":{"self":[{"href":"https:\/\/www.antikuhrmeister.de\/index.php?rest_route=\/wp\/v2\/pages\/39"}],"collection":[{"href":"https:\/\/www.antikuhrmeister.de\/index.php?rest_route=\/wp\/v2\/pages"}],"about":[{"href":"https:\/\/www.antikuhrmeister.de\/index.php?rest_route=\/wp\/v2\/types\/page"}],"author":[{"embeddable":true,"href":"https:\/\/www.antikuhrmeister.de\/index.php?rest_route=\/wp\/v2\/users\/1"}],"replies":[{"embeddable":true,"href":"https:\/\/www.antikuhrmeister.de\/index.php?rest_route=%2Fwp%2Fv2%2Fcomments&post=39"}],"version-history":[{"count":12,"href":"https:\/\/www.antikuhrmeister.de\/index.php?rest_route=\/wp\/v2\/pages\/39\/revisions"}],"predecessor-version":[{"id":415,"href":"https:\/\/www.antikuhrmeister.de\/index.php?rest_route=\/wp\/v2\/pages\/39\/revisions\/415"}],"wp:featuredmedia":[{"embeddable":true,"href":"https:\/\/www.antikuhrmeister.de\/index.php?rest_route=\/wp\/v2\/media\/103"}],"wp:attachment":[{"href":"https:\/\/www.antikuhrmeister.de\/index.php?rest_route=%2Fwp%2Fv2%2Fmedia&parent=39"}],"curies":[{"name":"wp","href":"https:\/\/api.w.org\/{rel}","templated":true}]}}