{"id":32,"date":"2015-02-05T10:55:10","date_gmt":"2015-02-05T09:55:10","guid":{"rendered":"http:\/\/www.antikuhrmeister.de\/wordpress\/?page_id=32"},"modified":"2015-05-12T10:16:44","modified_gmt":"2015-05-12T08:16:44","slug":"restaurierung","status":"publish","type":"page","link":"https:\/\/www.antikuhrmeister.de\/?page_id=32","title":{"rendered":"Restaurierung"},"content":{"rendered":"<h1>Restaurierung \u00fcber vier Jahrzehnte<\/h1>\n<p>Wir haben viel Erfahrung im richtigen Umgang mit dem Kulturgut Zeitmesser gesammelt. Seit 1969 restaurieren wir historische Zeitzeugen zum Beispiel f\u00fcr private Sammlungen oder unser <a href=\"https:\/\/www.antikuhrmeister.de\/?page_id=39\">Comtoise Uhren Museum<\/a>.<\/p>\n<p><!-- index.php -->\n<div\n\tclass=\"ngg-galleryoverview\"\n\tid=\"ngg-gallery-189-1\">\n\n    \t\t<!-- Thumbnails -->\n\t\t\t\t<div id=\"ngg-image-0\" class=\"ngg-gallery-thumbnail-box\" >\n\t\t\t\t        <div class=\"ngg-gallery-thumbnail\">\n            <a href=\"https:\/\/www.antikuhrmeister.de\/wp-content\/gallery\/restaurierung\/01.jpg\"\n               title=\"\"\n               data-src=\"https:\/\/www.antikuhrmeister.de\/wp-content\/gallery\/restaurierung\/01.jpg\"\n               data-thumbnail=\"https:\/\/www.antikuhrmeister.de\/wp-content\/gallery\/restaurierung\/thumbs\/thumbs_01.jpg\"\n               data-image-id=\"15\"\n               data-title=\"Faszination Uhrwerke und Meisterhandwerk\"\n               data-description=\"\"\n               data-image-slug=\"01-jpg\"\n               class=\"ngg-fancybox\" rel=\"189\">\n                <img\n                    title=\"Faszination Uhrwerke und Meisterhandwerk\"\n                    alt=\"Faszination Uhrwerke und Meisterhandwerk\"\n                    src=\"https:\/\/www.antikuhrmeister.de\/wp-content\/gallery\/restaurierung\/thumbs\/thumbs_01.jpg\"\n                    width=\"120\"\n                    height=\"90\"\n                    style=\"max-width:100%;\"\n                \/>\n            <\/a>\n        <\/div>\n\t\t\t\t\t\t\t<\/div> \n\t\t\t\n        \n\t\t\t\t<div id=\"ngg-image-1\" class=\"ngg-gallery-thumbnail-box\" >\n\t\t\t\t        <div class=\"ngg-gallery-thumbnail\">\n            <a href=\"https:\/\/www.antikuhrmeister.de\/wp-content\/gallery\/restaurierung\/02.jpg\"\n               title=\"\"\n               data-src=\"https:\/\/www.antikuhrmeister.de\/wp-content\/gallery\/restaurierung\/02.jpg\"\n               data-thumbnail=\"https:\/\/www.antikuhrmeister.de\/wp-content\/gallery\/restaurierung\/thumbs\/thumbs_02.jpg\"\n               data-image-id=\"16\"\n               data-title=\"Faszination Uhrwerke und Meisterhandwerk\"\n               data-description=\"\"\n               data-image-slug=\"02-jpg\"\n               class=\"ngg-fancybox\" rel=\"189\">\n                <img\n                    title=\"Faszination Uhrwerke und Meisterhandwerk\"\n                    alt=\"Faszination Uhrwerke und Meisterhandwerk\"\n                    src=\"https:\/\/www.antikuhrmeister.de\/wp-content\/gallery\/restaurierung\/thumbs\/thumbs_02.jpg\"\n                    width=\"120\"\n                    height=\"90\"\n                    style=\"max-width:100%;\"\n                \/>\n            <\/a>\n        <\/div>\n\t\t\t\t\t\t\t<\/div> \n\t\t\t\n        \n\t\t\t\t<div id=\"ngg-image-2\" class=\"ngg-gallery-thumbnail-box\" >\n\t\t\t\t        <div class=\"ngg-gallery-thumbnail\">\n            <a href=\"https:\/\/www.antikuhrmeister.de\/wp-content\/gallery\/restaurierung\/03.jpg\"\n               title=\"\"\n               data-src=\"https:\/\/www.antikuhrmeister.de\/wp-content\/gallery\/restaurierung\/03.jpg\"\n               data-thumbnail=\"https:\/\/www.antikuhrmeister.de\/wp-content\/gallery\/restaurierung\/thumbs\/thumbs_03.jpg\"\n               data-image-id=\"17\"\n               data-title=\"Faszination Uhrwerke und Meisterhandwerk\"\n               data-description=\"\"\n               data-image-slug=\"03-jpg\"\n               class=\"ngg-fancybox\" rel=\"189\">\n                <img\n                    title=\"Faszination Uhrwerke und Meisterhandwerk\"\n                    alt=\"Faszination Uhrwerke und Meisterhandwerk\"\n                    src=\"https:\/\/www.antikuhrmeister.de\/wp-content\/gallery\/restaurierung\/thumbs\/thumbs_03.jpg\"\n                    width=\"120\"\n                    height=\"90\"\n                    style=\"max-width:100%;\"\n                \/>\n            <\/a>\n        <\/div>\n\t\t\t\t\t\t\t<\/div> \n\t\t\t\n        \n\t\t\t\t<div id=\"ngg-image-3\" class=\"ngg-gallery-thumbnail-box\" >\n\t\t\t\t        <div class=\"ngg-gallery-thumbnail\">\n            <a href=\"https:\/\/www.antikuhrmeister.de\/wp-content\/gallery\/restaurierung\/04.jpg\"\n               title=\"\"\n               data-src=\"https:\/\/www.antikuhrmeister.de\/wp-content\/gallery\/restaurierung\/04.jpg\"\n               data-thumbnail=\"https:\/\/www.antikuhrmeister.de\/wp-content\/gallery\/restaurierung\/thumbs\/thumbs_04.jpg\"\n               data-image-id=\"18\"\n               data-title=\"Faszination Uhrwerke und Meisterhandwerk\"\n               data-description=\"\"\n               data-image-slug=\"04-jpg\"\n               class=\"ngg-fancybox\" rel=\"189\">\n                <img\n                    title=\"Faszination Uhrwerke und Meisterhandwerk\"\n                    alt=\"Faszination Uhrwerke und Meisterhandwerk\"\n                    src=\"https:\/\/www.antikuhrmeister.de\/wp-content\/gallery\/restaurierung\/thumbs\/thumbs_04.jpg\"\n                    width=\"120\"\n                    height=\"90\"\n                    style=\"max-width:100%;\"\n                \/>\n            <\/a>\n        <\/div>\n\t\t\t\t\t\t\t<\/div> \n\t\t\t\n        \n\t\t\t\t<div id=\"ngg-image-4\" class=\"ngg-gallery-thumbnail-box\" >\n\t\t\t\t        <div class=\"ngg-gallery-thumbnail\">\n            <a href=\"https:\/\/www.antikuhrmeister.de\/wp-content\/gallery\/restaurierung\/05.jpg\"\n               title=\"\"\n               data-src=\"https:\/\/www.antikuhrmeister.de\/wp-content\/gallery\/restaurierung\/05.jpg\"\n               data-thumbnail=\"https:\/\/www.antikuhrmeister.de\/wp-content\/gallery\/restaurierung\/thumbs\/thumbs_05.jpg\"\n               data-image-id=\"19\"\n               data-title=\"Faszination Uhrwerke und Meisterhandwerk\"\n               data-description=\"\"\n               data-image-slug=\"05-jpg\"\n               class=\"ngg-fancybox\" rel=\"189\">\n                <img\n                    title=\"Faszination Uhrwerke und Meisterhandwerk\"\n                    alt=\"Faszination Uhrwerke und Meisterhandwerk\"\n                    src=\"https:\/\/www.antikuhrmeister.de\/wp-content\/gallery\/restaurierung\/thumbs\/thumbs_05.jpg\"\n                    width=\"120\"\n                    height=\"90\"\n                    style=\"max-width:100%;\"\n                \/>\n            <\/a>\n        <\/div>\n\t\t\t\t\t\t\t<\/div> \n\t\t\t\n        \n\t\t\t\t<div id=\"ngg-image-5\" class=\"ngg-gallery-thumbnail-box\" >\n\t\t\t\t        <div class=\"ngg-gallery-thumbnail\">\n            <a href=\"https:\/\/www.antikuhrmeister.de\/wp-content\/gallery\/restaurierung\/06.jpg\"\n               title=\"\"\n               data-src=\"https:\/\/www.antikuhrmeister.de\/wp-content\/gallery\/restaurierung\/06.jpg\"\n               data-thumbnail=\"https:\/\/www.antikuhrmeister.de\/wp-content\/gallery\/restaurierung\/thumbs\/thumbs_06.jpg\"\n               data-image-id=\"20\"\n               data-title=\"Faszination Uhrwerke und Meisterhandwerk\"\n               data-description=\"\"\n               data-image-slug=\"06-jpg\"\n               class=\"ngg-fancybox\" rel=\"189\">\n                <img\n                    title=\"Faszination Uhrwerke und Meisterhandwerk\"\n                    alt=\"Faszination Uhrwerke und Meisterhandwerk\"\n                    src=\"https:\/\/www.antikuhrmeister.de\/wp-content\/gallery\/restaurierung\/thumbs\/thumbs_06.jpg\"\n                    width=\"120\"\n                    height=\"90\"\n                    style=\"max-width:100%;\"\n                \/>\n            <\/a>\n        <\/div>\n\t\t\t\t\t\t\t<\/div> \n\t\t\t\n        \n\t\t\n\t\t<!-- Pagination -->\n\t<div class='ngg-clear'><\/div>\t<\/div>\n<\/p>\n<p>Die Restaurierung einer antiken Uhr geht \u00fcber die alleinige Reparatur weit hinaus. Es steht nicht nur die Wiederherstellung der Funktion im Mittelpunkt, sondern die \u00e4sthetische Erg\u00e4nzung fehlender Teile von Uhrwerk und Geh\u00e4use, sowie der Erhalt von historischer Substanz durch Konservierung.<\/p>\n<p class=\"w_text\">Als Restauratoren f\u00fcr historische Uhren umfassen unsere T\u00e4tigkeiten die Untersuchung, Konservierung, Restaurierung, Pflege, Erforschung und Beratung.<\/p>\n<p><strong>Restaurierung ist Vertrauenssache.<\/strong><br \/>\nEine antike Uhr darf nicht wie neu aussehen, denn die Ausstrahlung einer Antiquit\u00e4t muss erhalten bleiben. Uns ist es wichtig eine \u00dcberrestaurierung zu vermeiden.<\/p>\n<p>Kommen sie vorbei und \u00fcberzeugen sie sich selbst!<br \/>\nWir freuen uns auf ihren Besuch.<\/p>\n","protected":false},"excerpt":{"rendered":"<p>Restaurierung \u00fcber vier Jahrzehnte Wir haben viel Erfahrung im richtigen Umgang mit dem Kulturgut Zeitmesser gesammelt. Seit 1969 restaurieren wir historische Zeitzeugen zum Beispiel f\u00fcr private Sammlungen oder unser Comtoise Uhren Museum. Die Restaurierung einer antiken Uhr geht \u00fcber die alleinige Reparatur weit hinaus. Es steht nicht nur die Wiederherstellung der Funktion im Mittelpunkt, sondern [&hellip;]<\/p>\n","protected":false},"author":1,"featured_media":191,"parent":0,"menu_order":0,"comment_status":"closed","ping_status":"closed","template":"","meta":{"ngg_post_thumbnail":0},"_links":{"self":[{"href":"https:\/\/www.antikuhrmeister.de\/index.php?rest_route=\/wp\/v2\/pages\/32"}],"collection":[{"href":"https:\/\/www.antikuhrmeister.de\/index.php?rest_route=\/wp\/v2\/pages"}],"about":[{"href":"https:\/\/www.antikuhrmeister.de\/index.php?rest_route=\/wp\/v2\/types\/page"}],"author":[{"embeddable":true,"href":"https:\/\/www.antikuhrmeister.de\/index.php?rest_route=\/wp\/v2\/users\/1"}],"replies":[{"embeddable":true,"href":"https:\/\/www.antikuhrmeister.de\/index.php?rest_route=%2Fwp%2Fv2%2Fcomments&post=32"}],"version-history":[{"count":6,"href":"https:\/\/www.antikuhrmeister.de\/index.php?rest_route=\/wp\/v2\/pages\/32\/revisions"}],"predecessor-version":[{"id":221,"href":"https:\/\/www.antikuhrmeister.de\/index.php?rest_route=\/wp\/v2\/pages\/32\/revisions\/221"}],"wp:featuredmedia":[{"embeddable":true,"href":"https:\/\/www.antikuhrmeister.de\/index.php?rest_route=\/wp\/v2\/media\/191"}],"wp:attachment":[{"href":"https:\/\/www.antikuhrmeister.de\/index.php?rest_route=%2Fwp%2Fv2%2Fmedia&parent=32"}],"curies":[{"name":"wp","href":"https:\/\/api.w.org\/{rel}","templated":true}]}}